{"id":8507,"date":"2024-10-26T23:20:14","date_gmt":"2024-10-26T21:20:14","guid":{"rendered":"https:\/\/www.tarasub.it\/services\/plongees-pour-enfants\/"},"modified":"2024-10-26T23:20:14","modified_gmt":"2024-10-26T21:20:14","slug":"plongees-pour-enfants","status":"publish","type":"page","link":"https:\/\/www.tarasub.it\/fr\/services\/plongees-pour-enfants\/","title":{"rendered":"Plong\u00e9es pour enfants"},"content":{"rendered":"<p>Plong\u00e9es pour enfants Nous proposons des cours non seulement pour les adultes mais aussi pour les enfants \u00e0 partir de 8 ans, chez qui nous constatons souvent un apprentissage plus r\u00e9actif que chez les adultes. Pour rassurer les parents, les premi\u00e8res plong\u00e9es sont effec <a href=\"https:\/\/www.tarasub.it\/fr\/services\/plongees-pour-enfants\/\" title=\"Read more on Plong\u00e9es pour enfants\" class=\"more-link\">read more<\/a><\/p>\n","protected":false},"excerpt":{"rendered":"<p>Plong\u00e9es pour enfants Nous proposons des cours non seulement pour les adultes mais aussi pour les enfants \u00e0 partir de 8 ans, chez qui nous constatons souvent un apprentissage plus &hellip;<\/p>\n","protected":false},"author":1,"featured_media":0,"parent":8496,"menu_order":0,"comment_status":"closed","ping_status":"closed","template":"","meta":{"footnotes":""},"class_list":["post-8507","page","type-page","status-publish","hentry","no-thumb"],"yoast_head":"<!-- This site is optimized with the Yoast SEO plugin v26.6 - https:\/\/yoast.com\/wordpress\/plugins\/seo\/ -->\n<title>Plong\u00e9es pour enfants - Taras Sub Diving Center<\/title>\n<meta name=\"description\" content=\"Plong\u00e9es pour enfants : Nous proposons des cours non seulement pour les adultes mais aussi pour les enfants \u00e0 partir de 8 ans, chez qui nous constatons souvent...\" \/>\n<meta name=\"robots\" content=\"index, follow, max-snippet:-1, max-image-preview:large, max-video-preview:-1\" \/>\n<link rel=\"canonical\" href=\"https:\/\/www.tarasub.it\/fr\/services\/plongees-pour-enfants\/\" \/>\n<meta property=\"og:locale\" content=\"fr_FR\" \/>\n<meta property=\"og:type\" content=\"article\" \/>\n<meta property=\"og:title\" content=\"Plong\u00e9es pour enfants - Taras Sub Diving Center\" \/>\n<meta property=\"og:description\" content=\"Plong\u00e9es pour enfants : Nous proposons des cours non seulement pour les adultes mais aussi pour les enfants \u00e0 partir de 8 ans, chez qui nous constatons souvent...\" \/>\n<meta property=\"og:url\" content=\"https:\/\/www.tarasub.it\/fr\/services\/plongees-pour-enfants\/\" \/>\n<meta property=\"og:site_name\" content=\"Taras Sub Diving Center\" \/>\n<meta name=\"twitter:card\" content=\"summary_large_image\" \/>\n<meta name=\"twitter:label1\" content=\"Dur\u00e9e de lecture estim\u00e9e\" \/>\n\t<meta name=\"twitter:data1\" content=\"3 minutes\" \/>\n<script type=\"application\/ld+json\" class=\"yoast-schema-graph\">{\"@context\":\"https:\/\/schema.org\",\"@graph\":[{\"@type\":\"WebPage\",\"@id\":\"https:\/\/www.tarasub.it\/fr\/services\/plongees-pour-enfants\/\",\"url\":\"https:\/\/www.tarasub.it\/fr\/services\/plongees-pour-enfants\/\",\"name\":\"Plong\u00e9es pour enfants - Taras Sub Diving Center\",\"isPartOf\":{\"@id\":\"https:\/\/www.tarasub.it\/fr\/#website\"},\"datePublished\":\"2024-10-26T21:20:14+00:00\",\"description\":\"Plong\u00e9es pour enfants : Nous proposons des cours non seulement pour les adultes mais aussi pour les enfants \u00e0 partir de 8 ans, chez qui nous constatons souvent...\",\"breadcrumb\":{\"@id\":\"https:\/\/www.tarasub.it\/fr\/services\/plongees-pour-enfants\/#breadcrumb\"},\"inLanguage\":\"fr-FR\",\"potentialAction\":[{\"@type\":\"ReadAction\",\"target\":[\"https:\/\/www.tarasub.it\/fr\/services\/plongees-pour-enfants\/\"]}]},{\"@type\":\"BreadcrumbList\",\"@id\":\"https:\/\/www.tarasub.it\/fr\/services\/plongees-pour-enfants\/#breadcrumb\",\"itemListElement\":[{\"@type\":\"ListItem\",\"position\":1,\"name\":\"Home\",\"item\":\"https:\/\/www.tarasub.it\/fr\/\"},{\"@type\":\"ListItem\",\"position\":2,\"name\":\"Services\",\"item\":\"https:\/\/www.tarasub.it\/fr\/services\/\"},{\"@type\":\"ListItem\",\"position\":3,\"name\":\"Plong\u00e9es pour enfants\"}]},{\"@type\":\"WebSite\",\"@id\":\"https:\/\/www.tarasub.it\/fr\/#website\",\"url\":\"https:\/\/www.tarasub.it\/fr\/\",\"name\":\"Taras Sub Diving Center\",\"description\":\"Immersioni, escursioni e tanto divertimento a Taranto, la citt\u00e0 dei due mari\",\"potentialAction\":[{\"@type\":\"SearchAction\",\"target\":{\"@type\":\"EntryPoint\",\"urlTemplate\":\"https:\/\/www.tarasub.it\/fr\/?s={search_term_string}\"},\"query-input\":{\"@type\":\"PropertyValueSpecification\",\"valueRequired\":true,\"valueName\":\"search_term_string\"}}],\"inLanguage\":\"fr-FR\"}]}<\/script>\n<!-- \/ Yoast SEO plugin. -->","yoast_head_json":{"title":"Plong\u00e9es pour enfants - Taras Sub Diving Center","description":"Plong\u00e9es pour enfants : Nous proposons des cours non seulement pour les adultes mais aussi pour les enfants \u00e0 partir de 8 ans, chez qui nous constatons souvent...","robots":{"index":"index","follow":"follow","max-snippet":"max-snippet:-1","max-image-preview":"max-image-preview:large","max-video-preview":"max-video-preview:-1"},"canonical":"https:\/\/www.tarasub.it\/fr\/services\/plongees-pour-enfants\/","og_locale":"fr_FR","og_type":"article","og_title":"Plong\u00e9es pour enfants - Taras Sub Diving Center","og_description":"Plong\u00e9es pour enfants : Nous proposons des cours non seulement pour les adultes mais aussi pour les enfants \u00e0 partir de 8 ans, chez qui nous constatons souvent...","og_url":"https:\/\/www.tarasub.it\/fr\/services\/plongees-pour-enfants\/","og_site_name":"Taras Sub Diving Center","twitter_card":"summary_large_image","twitter_misc":{"Dur\u00e9e de lecture estim\u00e9e":"3 minutes"},"schema":{"@context":"https:\/\/schema.org","@graph":[{"@type":"WebPage","@id":"https:\/\/www.tarasub.it\/fr\/services\/plongees-pour-enfants\/","url":"https:\/\/www.tarasub.it\/fr\/services\/plongees-pour-enfants\/","name":"Plong\u00e9es pour enfants - Taras Sub Diving Center","isPartOf":{"@id":"https:\/\/www.tarasub.it\/fr\/#website"},"datePublished":"2024-10-26T21:20:14+00:00","description":"Plong\u00e9es pour enfants : Nous proposons des cours non seulement pour les adultes mais aussi pour les enfants \u00e0 partir de 8 ans, chez qui nous constatons souvent...","breadcrumb":{"@id":"https:\/\/www.tarasub.it\/fr\/services\/plongees-pour-enfants\/#breadcrumb"},"inLanguage":"fr-FR","potentialAction":[{"@type":"ReadAction","target":["https:\/\/www.tarasub.it\/fr\/services\/plongees-pour-enfants\/"]}]},{"@type":"BreadcrumbList","@id":"https:\/\/www.tarasub.it\/fr\/services\/plongees-pour-enfants\/#breadcrumb","itemListElement":[{"@type":"ListItem","position":1,"name":"Home","item":"https:\/\/www.tarasub.it\/fr\/"},{"@type":"ListItem","position":2,"name":"Services","item":"https:\/\/www.tarasub.it\/fr\/services\/"},{"@type":"ListItem","position":3,"name":"Plong\u00e9es pour enfants"}]},{"@type":"WebSite","@id":"https:\/\/www.tarasub.it\/fr\/#website","url":"https:\/\/www.tarasub.it\/fr\/","name":"Taras Sub Diving Center","description":"Immersioni, escursioni e tanto divertimento a Taranto, la citt\u00e0 dei due mari","potentialAction":[{"@type":"SearchAction","target":{"@type":"EntryPoint","urlTemplate":"https:\/\/www.tarasub.it\/fr\/?s={search_term_string}"},"query-input":{"@type":"PropertyValueSpecification","valueRequired":true,"valueName":"search_term_string"}}],"inLanguage":"fr-FR"}]}},"_links":{"self":[{"href":"https:\/\/www.tarasub.it\/fr\/wp-json\/wp\/v2\/pages\/8507","targetHints":{"allow":["GET"]}}],"collection":[{"href":"https:\/\/www.tarasub.it\/fr\/wp-json\/wp\/v2\/pages"}],"about":[{"href":"https:\/\/www.tarasub.it\/fr\/wp-json\/wp\/v2\/types\/page"}],"author":[{"embeddable":true,"href":"https:\/\/www.tarasub.it\/fr\/wp-json\/wp\/v2\/users\/1"}],"replies":[{"embeddable":true,"href":"https:\/\/www.tarasub.it\/fr\/wp-json\/wp\/v2\/comments?post=8507"}],"version-history":[{"count":0,"href":"https:\/\/www.tarasub.it\/fr\/wp-json\/wp\/v2\/pages\/8507\/revisions"}],"up":[{"embeddable":true,"href":"https:\/\/www.tarasub.it\/fr\/wp-json\/wp\/v2\/pages\/8496"}],"wp:attachment":[{"href":"https:\/\/www.tarasub.it\/fr\/wp-json\/wp\/v2\/media?parent=8507"}],"curies":[{"name":"wp","href":"https:\/\/api.w.org\/{rel}","templated":true}]}}