{"id":8522,"date":"2024-10-26T23:59:32","date_gmt":"2024-10-26T21:59:32","guid":{"rendered":"https:\/\/www.tarasub.it\/services\/fourniture-dequipements-de-plongee\/"},"modified":"2024-10-26T23:59:32","modified_gmt":"2024-10-26T21:59:32","slug":"fourniture-dequipements-de-plongee","status":"publish","type":"page","link":"https:\/\/www.tarasub.it\/fr\/services\/fourniture-dequipements-de-plongee\/","title":{"rendered":"Fourniture d&#8217;\u00e9quipements de plong\u00e9e"},"content":{"rendered":"<p>Fourniture d&#8217;\u00e9quipements de plong\u00e9e &nbsp; Notre club est un Centre de Plong\u00e9e Mares, ce qui signifie que tous nos \u00e9quipements sont fournis par cette multinationale, qui nous donne la possibilit\u00e9 de vous faire tester en avant-premi\u00e8re ou avant votre achat les nouv <a href=\"https:\/\/www.tarasub.it\/fr\/services\/fourniture-dequipements-de-plongee\/\" title=\"Read more on Fourniture d&#8217;\u00e9quipements de plong\u00e9e\" class=\"more-link\">read more<\/a><\/p>\n","protected":false},"excerpt":{"rendered":"<p>Fourniture d&#8217;\u00e9quipements de plong\u00e9e &nbsp; Notre club est un Centre de Plong\u00e9e Mares, ce qui signifie que tous nos \u00e9quipements sont fournis par cette multinationale, qui nous donne la possibilit\u00e9 &hellip;<\/p>\n","protected":false},"author":1,"featured_media":0,"parent":8496,"menu_order":0,"comment_status":"closed","ping_status":"closed","template":"","meta":{"footnotes":""},"class_list":["post-8522","page","type-page","status-publish","hentry","no-thumb"],"yoast_head":"<!-- This site is optimized with the Yoast SEO plugin v26.6 - https:\/\/yoast.com\/wordpress\/plugins\/seo\/ -->\n<title>Fourniture d&#039;\u00e9quipements de plong\u00e9e - Taras Sub Diving Center<\/title>\n<meta name=\"description\" content=\"Fourniture d&#039;\u00e9quipements de plong\u00e9e : Notre club est un Centre de Plong\u00e9e Mares, ce qui signifie que tous nos \u00e9quipements sont fournis par Mares\" \/>\n<meta name=\"robots\" content=\"index, follow, max-snippet:-1, max-image-preview:large, max-video-preview:-1\" \/>\n<link rel=\"canonical\" href=\"https:\/\/www.tarasub.it\/fr\/services\/fourniture-dequipements-de-plongee\/\" \/>\n<meta property=\"og:locale\" content=\"fr_FR\" \/>\n<meta property=\"og:type\" content=\"article\" \/>\n<meta property=\"og:title\" content=\"Fourniture d&#039;\u00e9quipements de plong\u00e9e - Taras Sub Diving Center\" \/>\n<meta property=\"og:description\" content=\"Fourniture d&#039;\u00e9quipements de plong\u00e9e : Notre club est un Centre de Plong\u00e9e Mares, ce qui signifie que tous nos \u00e9quipements sont fournis par Mares\" \/>\n<meta property=\"og:url\" content=\"https:\/\/www.tarasub.it\/fr\/services\/fourniture-dequipements-de-plongee\/\" \/>\n<meta property=\"og:site_name\" content=\"Taras Sub Diving Center\" \/>\n<meta property=\"og:image\" content=\"http:\/\/www.tarasub.it\/wp-content\/uploads\/2019\/01\/Noleggio-diving-300x225.jpg\" \/>\n<meta name=\"twitter:card\" content=\"summary_large_image\" \/>\n<meta name=\"twitter:label1\" content=\"Dur\u00e9e de lecture estim\u00e9e\" \/>\n\t<meta name=\"twitter:data1\" content=\"5 minutes\" \/>\n<script type=\"application\/ld+json\" class=\"yoast-schema-graph\">{\"@context\":\"https:\/\/schema.org\",\"@graph\":[{\"@type\":\"WebPage\",\"@id\":\"https:\/\/www.tarasub.it\/fr\/services\/fourniture-dequipements-de-plongee\/\",\"url\":\"https:\/\/www.tarasub.it\/fr\/services\/fourniture-dequipements-de-plongee\/\",\"name\":\"Fourniture d'\u00e9quipements de plong\u00e9e - Taras Sub Diving Center\",\"isPartOf\":{\"@id\":\"https:\/\/www.tarasub.it\/fr\/#website\"},\"primaryImageOfPage\":{\"@id\":\"https:\/\/www.tarasub.it\/fr\/services\/fourniture-dequipements-de-plongee\/#primaryimage\"},\"image\":{\"@id\":\"https:\/\/www.tarasub.it\/fr\/services\/fourniture-dequipements-de-plongee\/#primaryimage\"},\"thumbnailUrl\":\"http:\/\/www.tarasub.it\/wp-content\/uploads\/2019\/01\/Noleggio-diving-300x225.jpg\",\"datePublished\":\"2024-10-26T21:59:32+00:00\",\"description\":\"Fourniture d'\u00e9quipements de plong\u00e9e : Notre club est un Centre de Plong\u00e9e Mares, ce qui signifie que tous nos \u00e9quipements sont fournis par Mares\",\"breadcrumb\":{\"@id\":\"https:\/\/www.tarasub.it\/fr\/services\/fourniture-dequipements-de-plongee\/#breadcrumb\"},\"inLanguage\":\"fr-FR\",\"potentialAction\":[{\"@type\":\"ReadAction\",\"target\":[\"https:\/\/www.tarasub.it\/fr\/services\/fourniture-dequipements-de-plongee\/\"]}]},{\"@type\":\"ImageObject\",\"inLanguage\":\"fr-FR\",\"@id\":\"https:\/\/www.tarasub.it\/fr\/services\/fourniture-dequipements-de-plongee\/#primaryimage\",\"url\":\"http:\/\/www.tarasub.it\/wp-content\/uploads\/2019\/01\/Noleggio-diving-300x225.jpg\",\"contentUrl\":\"http:\/\/www.tarasub.it\/wp-content\/uploads\/2019\/01\/Noleggio-diving-300x225.jpg\"},{\"@type\":\"BreadcrumbList\",\"@id\":\"https:\/\/www.tarasub.it\/fr\/services\/fourniture-dequipements-de-plongee\/#breadcrumb\",\"itemListElement\":[{\"@type\":\"ListItem\",\"position\":1,\"name\":\"Home\",\"item\":\"https:\/\/www.tarasub.it\/fr\/\"},{\"@type\":\"ListItem\",\"position\":2,\"name\":\"Services\",\"item\":\"https:\/\/www.tarasub.it\/fr\/services\/\"},{\"@type\":\"ListItem\",\"position\":3,\"name\":\"Fourniture d&#8217;\u00e9quipements de plong\u00e9e\"}]},{\"@type\":\"WebSite\",\"@id\":\"https:\/\/www.tarasub.it\/fr\/#website\",\"url\":\"https:\/\/www.tarasub.it\/fr\/\",\"name\":\"Taras Sub Diving Center\",\"description\":\"Immersioni, escursioni e tanto divertimento a Taranto, la citt\u00e0 dei due mari\",\"potentialAction\":[{\"@type\":\"SearchAction\",\"target\":{\"@type\":\"EntryPoint\",\"urlTemplate\":\"https:\/\/www.tarasub.it\/fr\/?s={search_term_string}\"},\"query-input\":{\"@type\":\"PropertyValueSpecification\",\"valueRequired\":true,\"valueName\":\"search_term_string\"}}],\"inLanguage\":\"fr-FR\"}]}<\/script>\n<!-- \/ Yoast SEO plugin. -->","yoast_head_json":{"title":"Fourniture d'\u00e9quipements de plong\u00e9e - Taras Sub Diving Center","description":"Fourniture d'\u00e9quipements de plong\u00e9e : Notre club est un Centre de Plong\u00e9e Mares, ce qui signifie que tous nos \u00e9quipements sont fournis par Mares","robots":{"index":"index","follow":"follow","max-snippet":"max-snippet:-1","max-image-preview":"max-image-preview:large","max-video-preview":"max-video-preview:-1"},"canonical":"https:\/\/www.tarasub.it\/fr\/services\/fourniture-dequipements-de-plongee\/","og_locale":"fr_FR","og_type":"article","og_title":"Fourniture d'\u00e9quipements de plong\u00e9e - Taras Sub Diving Center","og_description":"Fourniture d'\u00e9quipements de plong\u00e9e : Notre club est un Centre de Plong\u00e9e Mares, ce qui signifie que tous nos \u00e9quipements sont fournis par Mares","og_url":"https:\/\/www.tarasub.it\/fr\/services\/fourniture-dequipements-de-plongee\/","og_site_name":"Taras Sub Diving Center","og_image":[{"url":"http:\/\/www.tarasub.it\/wp-content\/uploads\/2019\/01\/Noleggio-diving-300x225.jpg","type":"","width":"","height":""}],"twitter_card":"summary_large_image","twitter_misc":{"Dur\u00e9e de lecture estim\u00e9e":"5 minutes"},"schema":{"@context":"https:\/\/schema.org","@graph":[{"@type":"WebPage","@id":"https:\/\/www.tarasub.it\/fr\/services\/fourniture-dequipements-de-plongee\/","url":"https:\/\/www.tarasub.it\/fr\/services\/fourniture-dequipements-de-plongee\/","name":"Fourniture d'\u00e9quipements de plong\u00e9e - Taras Sub Diving Center","isPartOf":{"@id":"https:\/\/www.tarasub.it\/fr\/#website"},"primaryImageOfPage":{"@id":"https:\/\/www.tarasub.it\/fr\/services\/fourniture-dequipements-de-plongee\/#primaryimage"},"image":{"@id":"https:\/\/www.tarasub.it\/fr\/services\/fourniture-dequipements-de-plongee\/#primaryimage"},"thumbnailUrl":"http:\/\/www.tarasub.it\/wp-content\/uploads\/2019\/01\/Noleggio-diving-300x225.jpg","datePublished":"2024-10-26T21:59:32+00:00","description":"Fourniture d'\u00e9quipements de plong\u00e9e : Notre club est un Centre de Plong\u00e9e Mares, ce qui signifie que tous nos \u00e9quipements sont fournis par Mares","breadcrumb":{"@id":"https:\/\/www.tarasub.it\/fr\/services\/fourniture-dequipements-de-plongee\/#breadcrumb"},"inLanguage":"fr-FR","potentialAction":[{"@type":"ReadAction","target":["https:\/\/www.tarasub.it\/fr\/services\/fourniture-dequipements-de-plongee\/"]}]},{"@type":"ImageObject","inLanguage":"fr-FR","@id":"https:\/\/www.tarasub.it\/fr\/services\/fourniture-dequipements-de-plongee\/#primaryimage","url":"http:\/\/www.tarasub.it\/wp-content\/uploads\/2019\/01\/Noleggio-diving-300x225.jpg","contentUrl":"http:\/\/www.tarasub.it\/wp-content\/uploads\/2019\/01\/Noleggio-diving-300x225.jpg"},{"@type":"BreadcrumbList","@id":"https:\/\/www.tarasub.it\/fr\/services\/fourniture-dequipements-de-plongee\/#breadcrumb","itemListElement":[{"@type":"ListItem","position":1,"name":"Home","item":"https:\/\/www.tarasub.it\/fr\/"},{"@type":"ListItem","position":2,"name":"Services","item":"https:\/\/www.tarasub.it\/fr\/services\/"},{"@type":"ListItem","position":3,"name":"Fourniture d&#8217;\u00e9quipements de plong\u00e9e"}]},{"@type":"WebSite","@id":"https:\/\/www.tarasub.it\/fr\/#website","url":"https:\/\/www.tarasub.it\/fr\/","name":"Taras Sub Diving Center","description":"Immersioni, escursioni e tanto divertimento a Taranto, la citt\u00e0 dei due mari","potentialAction":[{"@type":"SearchAction","target":{"@type":"EntryPoint","urlTemplate":"https:\/\/www.tarasub.it\/fr\/?s={search_term_string}"},"query-input":{"@type":"PropertyValueSpecification","valueRequired":true,"valueName":"search_term_string"}}],"inLanguage":"fr-FR"}]}},"_links":{"self":[{"href":"https:\/\/www.tarasub.it\/fr\/wp-json\/wp\/v2\/pages\/8522","targetHints":{"allow":["GET"]}}],"collection":[{"href":"https:\/\/www.tarasub.it\/fr\/wp-json\/wp\/v2\/pages"}],"about":[{"href":"https:\/\/www.tarasub.it\/fr\/wp-json\/wp\/v2\/types\/page"}],"author":[{"embeddable":true,"href":"https:\/\/www.tarasub.it\/fr\/wp-json\/wp\/v2\/users\/1"}],"replies":[{"embeddable":true,"href":"https:\/\/www.tarasub.it\/fr\/wp-json\/wp\/v2\/comments?post=8522"}],"version-history":[{"count":0,"href":"https:\/\/www.tarasub.it\/fr\/wp-json\/wp\/v2\/pages\/8522\/revisions"}],"up":[{"embeddable":true,"href":"https:\/\/www.tarasub.it\/fr\/wp-json\/wp\/v2\/pages\/8496"}],"wp:attachment":[{"href":"https:\/\/www.tarasub.it\/fr\/wp-json\/wp\/v2\/media?parent=8522"}],"curies":[{"name":"wp","href":"https:\/\/api.w.org\/{rel}","templated":true}]}}