{"id":8526,"date":"2024-10-27T00:48:38","date_gmt":"2024-10-26T22:48:38","guid":{"rendered":"https:\/\/www.tarasub.it\/carlo-laudadio\/"},"modified":"2025-05-22T16:30:58","modified_gmt":"2025-05-22T14:30:58","slug":"carlo-laudadio","status":"publish","type":"page","link":"https:\/\/www.tarasub.it\/fr\/personnel\/carlo-laudadio\/","title":{"rendered":"Carlo Laudadio"},"content":{"rendered":"<p>Biographie Il commence son exp\u00e9rience de plong\u00e9e en juillet 2016 en s&#8217;inscrivant au cours OPEN WATER au TARAS SUB Diving Center, qu&#8217;il termine le 21 ao\u00fbt. Au cours du m\u00eame \u00e9t\u00e9, il compl\u00e8te le cours A.O.W.D. apr\u00e8s avoir obtenu les sp\u00e9cialit\u00e9s BOAT DIVING, NIG <a href=\"https:\/\/www.tarasub.it\/fr\/personnel\/carlo-laudadio\/\" title=\"Read more on Carlo Laudadio\" class=\"more-link\">read more<\/a><\/p>\n","protected":false},"excerpt":{"rendered":"<p>Biographie Il commence son exp\u00e9rience de plong\u00e9e en juillet 2016 en s&#8217;inscrivant au cours OPEN WATER au TARAS SUB Diving Center, qu&#8217;il termine le 21 ao\u00fbt. Au cours du m\u00eame &hellip;<\/p>\n","protected":false},"author":1,"featured_media":0,"parent":8879,"menu_order":0,"comment_status":"closed","ping_status":"closed","template":"","meta":{"footnotes":""},"class_list":["post-8526","page","type-page","status-publish","hentry","no-thumb"],"yoast_head":"<!-- This site is optimized with the Yoast SEO plugin v26.6 - https:\/\/yoast.com\/wordpress\/plugins\/seo\/ -->\n<title>Carlo Laudadio - Taras Sub Diving Center<\/title>\n<meta name=\"robots\" content=\"index, follow, max-snippet:-1, max-image-preview:large, max-video-preview:-1\" \/>\n<link rel=\"canonical\" href=\"https:\/\/www.tarasub.it\/fr\/personnel\/carlo-laudadio\/\" \/>\n<meta property=\"og:locale\" content=\"fr_FR\" \/>\n<meta property=\"og:type\" content=\"article\" \/>\n<meta property=\"og:title\" content=\"Carlo Laudadio - Taras Sub Diving Center\" \/>\n<meta property=\"og:description\" content=\"Biographie Il commence son exp\u00e9rience de plong\u00e9e en juillet 2016 en s&#8217;inscrivant au cours OPEN WATER au TARAS SUB Diving Center, qu&#8217;il termine le 21 ao\u00fbt. Au cours du m\u00eame &hellip;\" \/>\n<meta property=\"og:url\" content=\"https:\/\/www.tarasub.it\/fr\/personnel\/carlo-laudadio\/\" \/>\n<meta property=\"og:site_name\" content=\"Taras Sub Diving Center\" \/>\n<meta property=\"article:modified_time\" content=\"2025-05-22T14:30:58+00:00\" \/>\n<meta name=\"twitter:card\" content=\"summary_large_image\" \/>\n<meta name=\"twitter:label1\" content=\"Dur\u00e9e de lecture estim\u00e9e\" \/>\n\t<meta name=\"twitter:data1\" content=\"3 minutes\" \/>\n<script type=\"application\/ld+json\" class=\"yoast-schema-graph\">{\"@context\":\"https:\/\/schema.org\",\"@graph\":[{\"@type\":\"WebPage\",\"@id\":\"https:\/\/www.tarasub.it\/fr\/personnel\/carlo-laudadio\/\",\"url\":\"https:\/\/www.tarasub.it\/fr\/personnel\/carlo-laudadio\/\",\"name\":\"Carlo Laudadio - Taras Sub Diving Center\",\"isPartOf\":{\"@id\":\"https:\/\/www.tarasub.it\/fr\/#website\"},\"datePublished\":\"2024-10-26T22:48:38+00:00\",\"dateModified\":\"2025-05-22T14:30:58+00:00\",\"breadcrumb\":{\"@id\":\"https:\/\/www.tarasub.it\/fr\/personnel\/carlo-laudadio\/#breadcrumb\"},\"inLanguage\":\"fr-FR\",\"potentialAction\":[{\"@type\":\"ReadAction\",\"target\":[\"https:\/\/www.tarasub.it\/fr\/personnel\/carlo-laudadio\/\"]}]},{\"@type\":\"BreadcrumbList\",\"@id\":\"https:\/\/www.tarasub.it\/fr\/personnel\/carlo-laudadio\/#breadcrumb\",\"itemListElement\":[{\"@type\":\"ListItem\",\"position\":1,\"name\":\"Home\",\"item\":\"https:\/\/www.tarasub.it\/fr\/\"},{\"@type\":\"ListItem\",\"position\":2,\"name\":\"Personnel\",\"item\":\"https:\/\/www.tarasub.it\/fr\/personnel\/\"},{\"@type\":\"ListItem\",\"position\":3,\"name\":\"Carlo Laudadio\"}]},{\"@type\":\"WebSite\",\"@id\":\"https:\/\/www.tarasub.it\/fr\/#website\",\"url\":\"https:\/\/www.tarasub.it\/fr\/\",\"name\":\"Taras Sub Diving Center\",\"description\":\"Immersioni, escursioni e tanto divertimento a Taranto, la citt\u00e0 dei due mari\",\"potentialAction\":[{\"@type\":\"SearchAction\",\"target\":{\"@type\":\"EntryPoint\",\"urlTemplate\":\"https:\/\/www.tarasub.it\/fr\/?s={search_term_string}\"},\"query-input\":{\"@type\":\"PropertyValueSpecification\",\"valueRequired\":true,\"valueName\":\"search_term_string\"}}],\"inLanguage\":\"fr-FR\"}]}<\/script>\n<!-- \/ Yoast SEO plugin. -->","yoast_head_json":{"title":"Carlo Laudadio - Taras Sub Diving Center","robots":{"index":"index","follow":"follow","max-snippet":"max-snippet:-1","max-image-preview":"max-image-preview:large","max-video-preview":"max-video-preview:-1"},"canonical":"https:\/\/www.tarasub.it\/fr\/personnel\/carlo-laudadio\/","og_locale":"fr_FR","og_type":"article","og_title":"Carlo Laudadio - Taras Sub Diving Center","og_description":"Biographie Il commence son exp\u00e9rience de plong\u00e9e en juillet 2016 en s&#8217;inscrivant au cours OPEN WATER au TARAS SUB Diving Center, qu&#8217;il termine le 21 ao\u00fbt. Au cours du m\u00eame &hellip;","og_url":"https:\/\/www.tarasub.it\/fr\/personnel\/carlo-laudadio\/","og_site_name":"Taras Sub Diving Center","article_modified_time":"2025-05-22T14:30:58+00:00","twitter_card":"summary_large_image","twitter_misc":{"Dur\u00e9e de lecture estim\u00e9e":"3 minutes"},"schema":{"@context":"https:\/\/schema.org","@graph":[{"@type":"WebPage","@id":"https:\/\/www.tarasub.it\/fr\/personnel\/carlo-laudadio\/","url":"https:\/\/www.tarasub.it\/fr\/personnel\/carlo-laudadio\/","name":"Carlo Laudadio - Taras Sub Diving Center","isPartOf":{"@id":"https:\/\/www.tarasub.it\/fr\/#website"},"datePublished":"2024-10-26T22:48:38+00:00","dateModified":"2025-05-22T14:30:58+00:00","breadcrumb":{"@id":"https:\/\/www.tarasub.it\/fr\/personnel\/carlo-laudadio\/#breadcrumb"},"inLanguage":"fr-FR","potentialAction":[{"@type":"ReadAction","target":["https:\/\/www.tarasub.it\/fr\/personnel\/carlo-laudadio\/"]}]},{"@type":"BreadcrumbList","@id":"https:\/\/www.tarasub.it\/fr\/personnel\/carlo-laudadio\/#breadcrumb","itemListElement":[{"@type":"ListItem","position":1,"name":"Home","item":"https:\/\/www.tarasub.it\/fr\/"},{"@type":"ListItem","position":2,"name":"Personnel","item":"https:\/\/www.tarasub.it\/fr\/personnel\/"},{"@type":"ListItem","position":3,"name":"Carlo Laudadio"}]},{"@type":"WebSite","@id":"https:\/\/www.tarasub.it\/fr\/#website","url":"https:\/\/www.tarasub.it\/fr\/","name":"Taras Sub Diving Center","description":"Immersioni, escursioni e tanto divertimento a Taranto, la citt\u00e0 dei due mari","potentialAction":[{"@type":"SearchAction","target":{"@type":"EntryPoint","urlTemplate":"https:\/\/www.tarasub.it\/fr\/?s={search_term_string}"},"query-input":{"@type":"PropertyValueSpecification","valueRequired":true,"valueName":"search_term_string"}}],"inLanguage":"fr-FR"}]}},"_links":{"self":[{"href":"https:\/\/www.tarasub.it\/fr\/wp-json\/wp\/v2\/pages\/8526","targetHints":{"allow":["GET"]}}],"collection":[{"href":"https:\/\/www.tarasub.it\/fr\/wp-json\/wp\/v2\/pages"}],"about":[{"href":"https:\/\/www.tarasub.it\/fr\/wp-json\/wp\/v2\/types\/page"}],"author":[{"embeddable":true,"href":"https:\/\/www.tarasub.it\/fr\/wp-json\/wp\/v2\/users\/1"}],"replies":[{"embeddable":true,"href":"https:\/\/www.tarasub.it\/fr\/wp-json\/wp\/v2\/comments?post=8526"}],"version-history":[{"count":2,"href":"https:\/\/www.tarasub.it\/fr\/wp-json\/wp\/v2\/pages\/8526\/revisions"}],"predecessor-version":[{"id":8893,"href":"https:\/\/www.tarasub.it\/fr\/wp-json\/wp\/v2\/pages\/8526\/revisions\/8893"}],"up":[{"embeddable":true,"href":"https:\/\/www.tarasub.it\/fr\/wp-json\/wp\/v2\/pages\/8879"}],"wp:attachment":[{"href":"https:\/\/www.tarasub.it\/fr\/wp-json\/wp\/v2\/media?parent=8526"}],"curies":[{"name":"wp","href":"https:\/\/api.w.org\/{rel}","templated":true}]}}