{"id":8531,"date":"2024-10-27T01:00:05","date_gmt":"2024-10-26T23:00:05","guid":{"rendered":"https:\/\/www.tarasub.it\/diego-ivan-monteleone\/"},"modified":"2025-05-22T16:15:18","modified_gmt":"2025-05-22T14:15:18","slug":"diego-ivan-monteleone","status":"publish","type":"page","link":"https:\/\/www.tarasub.it\/fr\/personnel\/diego-ivan-monteleone\/","title":{"rendered":"Diego Ivan Monteleone"},"content":{"rendered":"<p>[tm_pb_section admin_label=&#8221;section&#8221;][tm_pb_row admin_label=&#8221;row&#8221;][tm_pb_column type=&#8221;1_3&#8243;][tm_pb_image admin_label=&#8221;Image&#8221; src=&#8221;http:\/\/www.tarasub.it\/wp-content\/uploads\/2019\/05\/Diego-Ivan-Monteleone-2.jpg&#8221; alt=&#8221;Diego Ivan Monteleone Freediving apn\u00e9e&#8221; show_in_lightbox=&#8221;off&#8221; url_new_window=&#8221;off&#8221; use_overlay=&#8221;off&#8221; animation=&#8221;left&#8221; sticky=&#8221;off&#8221; align=&#8221;left&#8221; force_fullwidth=&#8221;off&#8221; always_center_on_mobile=&#8221;on&#8221; use_border_color=&#8221;off&#8221; border_color=&#8221;#ffffff&#8221; border_style=&#8221;solid&#8221;] [\/tm_pb_image][tm_pb_text admin_label=&#8221;Text&#8221; text_orientation=&#8221;left&#8221; use_border_color=&#8221;off&#8221; border_color=&#8221;#ffffff&#8221; border_style=&#8221;solid&#8221;]<\/p>\n<h3>Biographie<\/h3>\n<p>Je deviens apn\u00e9iste en 2006, mais ma passion pour la mer a commenc\u00e9 avant cela avec une bouteille sur le dos. La chasse sous-marine et mes premi\u00e8res plong\u00e9es en freediving m&#8217;ont convaincu d&#8217;abandonner d\u00e9finitivement la bouteille pour p\u00eacher en une seule respiration ! Bien \u00e9videmment, j&#8217;ai toujours pratiqu\u00e9 une p\u00eache s\u00e9lective et non destructive, c&#8217;est la raison pour laquelle je suis devenu instructeur SSI Freediving et Technicien d&#8217;Apn\u00e9e Sportive Indoor.  <\/p>\n<p>[\/tm_pb_text][\/tm_pb_column][tm_pb_column type=&#8221;1_3&#8243;][tm_pb_text admin_label=&#8221;Text&#8221; text_orientation=&#8221;left&#8221; use_border_color=&#8221;off&#8221; border_color=&#8221;#ffffff&#8221; border_style=&#8221;solid&#8221;]<\/p>\n<h3>Diego Ivan Monteleone<\/h3>\n<h6>Instructeur Freediving (Apn\u00e9e)<\/h6>\n<p>Apn\u00e9iste depuis 2006 et instructeur SSI Freediving et Technicien d&#8217;Apn\u00e9e Sportive Indoor.<\/p>\n<p>[\/tm_pb_text][tm_pb_text admin_label=&#8221;Text&#8221; text_orientation=&#8221;left&#8221; use_border_color=&#8221;off&#8221; border_color=&#8221;#ffffff&#8221; border_style=&#8221;solid&#8221;]<\/p>\n<h4>L&#8217;instructeur est disponible pour les activit\u00e9s suivantes:<\/h4>\n<ul>\n<li>Cours de Freediving (Apn\u00e9e)<\/li>\n<\/ul>\n<p>[\/tm_pb_text][\/tm_pb_column][tm_pb_column type=&#8221;1_3&#8243;][tm_pb_sidebar admin_label=&#8221;Sidebar&#8221; orientation=&#8221;left&#8221; area=&#8221;cherry-sidebars-5&#8243;] [\/tm_pb_sidebar][tm_pb_text admin_label=&#8221;Text&#8221; text_orientation=&#8221;left&#8221; use_border_color=&#8221;off&#8221; border_color=&#8221;#ffffff&#8221; border_style=&#8221;solid&#8221;]<\/p>\n<h4>Contacts<\/h4>\n<p>Email: <span class=\"pep-email\">diego.monteleone((at))tarasub.it<\/span> Cel: +39 3200391372<\/p>\n<p>[\/tm_pb_text][\/tm_pb_column][\/tm_pb_row][tm_pb_row admin_label=&#8221;Row&#8221;][tm_pb_column type=&#8221;4_4&#8243;][tm_pb_text admin_label=&#8221;Text&#8221; text_orientation=&#8221;left&#8221; use_border_color=&#8221;off&#8221; border_color=&#8221;#ffffff&#8221; border_style=&#8221;solid&#8221;]<\/p>\n<h3>Galeries<\/h3>\n<p>[\/tm_pb_text][\/tm_pb_column][\/tm_pb_row][tm_pb_row admin_label=&#8221;Row&#8221;][tm_pb_column type=&#8221;4_4&#8243;][tm_pb_text admin_label=&#8221;Text&#8221; text_orientation=&#8221;left&#8221; use_border_color=&#8221;off&#8221; border_color=&#8221;#ffffff&#8221; border_style=&#8221;solid&#8221;]<\/p>\n<svg version=\"1.1\" xmlns=\"http:\/\/www.w3.org\/2000\/svg\" xmlns:xlink=\"http:\/\/www.w3.org\/1999\/xlink\" viewBox=\"0 0 66 66\" height=\"0\" width=\"0\" style=\"position:absolute\">\n\t<g id=\"preloader\">\n\t\t<circle class=\"path\" fill=\"transparent\" stroke-width=\"3\" cx=\"33\" cy=\"33\" r=\"30\" stroke=\"url(#gradient)\" stroke-linejoin=\"round\"\/>\n\t\t<linearGradient id=\"gradient\">\n\t\t\t<stop class=\"stop-color\" offset=\"50%\" stop-color=\"#298ffc\" stop-opacity=\"1\"\/>\n\t\t\t<stop class=\"stop-color\" offset=\"65%\" stop-color=\"#298ffc\" stop-opacity=\".5\"\/>\n\t\t\t<stop class=\"stop-color\" offset=\"100%\" stop-color=\"#298ffc\" stop-opacity=\"0\"\/>\n\t\t<\/linearGradient>\n\t<\/g>\n<\/svg>\n<div class=\"tm-pg_frontend\" data-id=\"2730\"\t data-view=\"grid\" data-post-id=\"8531\">\n\t<div class=\"tm-pg_front_gallery \">\n\t\t\t\t<div class=\"tm-pg_front_gallery-preloader tm-pg_hidden\">\n\t\t\t<svg version=\"1.1\"\n\t\t\t\txmlns=\"http:\/\/www.w3.org\/2000\/svg\"\n\t\t\t\txmlns:xlink=\"http:\/\/www.w3.org\/1999\/xlink\"\n\t\t\t\tviewBox=\"0 0 66 66\"\n\t\t\t\tclass=\"preloader\"\n\t\t\t\tstyle=\"display:inline-block\">\n\t\t\t\t<use xmlns:xlink=\"http:\/\/www.w3.org\/1999\/xlink\" xlink:href=\"#preloader\"><\/use>\n\t\t\t<\/svg>\n\t\t<\/div>\n\t\t\n<div class=\"tm-pg_front_gallery-grid  tm-pg_animation-move-up tm-pg_hover-fade\"\n\t data-load-more-img=\"1\">\n\t<div class=\"row\">\n\t\t\n<div class=\"tm_pg_gallery-item col-xs-6 col-lg-4 \"\n\t data-id=\"2635\" data-type=\"album\">\n\t<div class=\"tm_pg_gallery-item-wrapper\">\n\t\t<a href=\"https:\/\/www.tarasub.it\/fr\/gallery\/gallery-1\/tm_pg_album\/racing\/\" class=\"tm_pg_gallery-item_link\" data-effect=\"fadeIn\">\n\t\t\t<img decoding=\"async\" src=\"https:\/\/www.tarasub.it\/wp-content\/uploads\/2019\/02\/21-900x675.jpg\">\n\t\t\t\t\t\t\t<div class=\"tm_pg_gallery-item_label\">Album<\/div>\n\t\t\t\t\t\t<div class=\"tm_pg_gallery-item_meta\">\n\t\t\t\t\t\t\t\t\t\t\t\t\t<i class=\"tm_pg_gallery-item_icon tm_pg_album-icon\"><\/i>\n\t\t\t\t\t\t\t\t\t\t\t\t\t\t\t\t\t\t<h3 class=\"tm_pg_gallery-item_title\">Notturne<\/h3>\n\t\t\t\t\t\t\t\t\t\t\t\t\t\t\t\t\t\t<p class=\"tm_pg_gallery-item_description\"><\/p>\n\t\t\t\t\t\t\t\t\t\t\t\t\t\t\t\t\t\t<p class=\"tm_pg_gallery-item_counter\">24 images<\/p>\n\t\t\t\t\t\t\t\t\t\t\t\t\t\t\t\t<\/div>\n\t\t<\/a>\n\t<\/div>\n<\/div>\n\n<div class=\"tm_pg_gallery-item col-xs-6 col-lg-4 \"\n\t data-id=\"4258\" data-type=\"album\">\n\t<div class=\"tm_pg_gallery-item-wrapper\">\n\t\t<a href=\"https:\/\/www.tarasub.it\/fr\/gallery\/gallery-1\/tm_pg_album\/album-name-5\/\" class=\"tm_pg_gallery-item_link\" data-effect=\"fadeIn\">\n\t\t\t<img decoding=\"async\" src=\"https:\/\/www.tarasub.it\/wp-content\/uploads\/2019\/02\/18-1-900x675.jpg\">\n\t\t\t\t\t\t\t<div class=\"tm_pg_gallery-item_label\">Album<\/div>\n\t\t\t\t\t\t<div class=\"tm_pg_gallery-item_meta\">\n\t\t\t\t\t\t\t\t\t\t\t\t\t<i class=\"tm_pg_gallery-item_icon tm_pg_album-icon\"><\/i>\n\t\t\t\t\t\t\t\t\t\t\t\t\t\t\t\t\t\t<h3 class=\"tm_pg_gallery-item_title\">Sorgente del fiume Chidro<\/h3>\n\t\t\t\t\t\t\t\t\t\t\t\t\t\t\t\t\t\t<p class=\"tm_pg_gallery-item_description\"><\/p>\n\t\t\t\t\t\t\t\t\t\t\t\t\t\t\t\t\t\t<p class=\"tm_pg_gallery-item_counter\">24 images<\/p>\n\t\t\t\t\t\t\t\t\t\t\t\t\t\t\t\t<\/div>\n\t\t<\/a>\n\t<\/div>\n<\/div>\n\n<div class=\"tm_pg_gallery-item col-xs-6 col-lg-4 \"\n\t data-id=\"4307\" data-type=\"album\">\n\t<div class=\"tm_pg_gallery-item-wrapper\">\n\t\t<a href=\"https:\/\/www.tarasub.it\/fr\/gallery\/gallery-1\/tm_pg_album\/foresta-calcarea-torre-ovo\/\" class=\"tm_pg_gallery-item_link\" data-effect=\"fadeIn\">\n\t\t\t<img decoding=\"async\" src=\"https:\/\/www.tarasub.it\/wp-content\/uploads\/2019\/02\/6-2-900x675.jpg\">\n\t\t\t\t\t\t\t<div class=\"tm_pg_gallery-item_label\">Album<\/div>\n\t\t\t\t\t\t<div class=\"tm_pg_gallery-item_meta\">\n\t\t\t\t\t\t\t\t\t\t\t\t\t<i class=\"tm_pg_gallery-item_icon tm_pg_album-icon\"><\/i>\n\t\t\t\t\t\t\t\t\t\t\t\t\t\t\t\t\t\t<h3 class=\"tm_pg_gallery-item_title\">Foresta Calcarea Torre Ovo<\/h3>\n\t\t\t\t\t\t\t\t\t\t\t\t\t\t\t\t\t\t<p class=\"tm_pg_gallery-item_description\"><\/p>\n\t\t\t\t\t\t\t\t\t\t\t\t\t\t\t\t\t\t<p class=\"tm_pg_gallery-item_counter\">11 images<\/p>\n\t\t\t\t\t\t\t\t\t\t\t\t\t\t\t\t<\/div>\n\t\t<\/a>\n\t<\/div>\n<\/div>\n\n<div class=\"tm_pg_gallery-item col-xs-6 col-lg-4 \"\n\t data-id=\"4330\" data-type=\"album\">\n\t<div class=\"tm_pg_gallery-item-wrapper\">\n\t\t<a href=\"https:\/\/www.tarasub.it\/fr\/gallery\/gallery-1\/tm_pg_album\/immersioni-ricreative\/\" class=\"tm_pg_gallery-item_link\" data-effect=\"fadeIn\">\n\t\t\t<img decoding=\"async\" src=\"https:\/\/www.tarasub.it\/wp-content\/uploads\/2019\/02\/21-3-900x675.jpg\">\n\t\t\t\t\t\t\t<div class=\"tm_pg_gallery-item_label\">Album<\/div>\n\t\t\t\t\t\t<div class=\"tm_pg_gallery-item_meta\">\n\t\t\t\t\t\t\t\t\t\t\t\t\t<i class=\"tm_pg_gallery-item_icon tm_pg_album-icon\"><\/i>\n\t\t\t\t\t\t\t\t\t\t\t\t\t\t\t\t\t\t<h3 class=\"tm_pg_gallery-item_title\">Immersioni Ricreative<\/h3>\n\t\t\t\t\t\t\t\t\t\t\t\t\t\t\t\t\t\t<p class=\"tm_pg_gallery-item_description\"><\/p>\n\t\t\t\t\t\t\t\t\t\t\t\t\t\t\t\t\t\t<p class=\"tm_pg_gallery-item_counter\">46 images<\/p>\n\t\t\t\t\t\t\t\t\t\t\t\t\t\t\t\t<\/div>\n\t\t<\/a>\n\t<\/div>\n<\/div>\n\n<div class=\"tm_pg_gallery-item col-xs-6 col-lg-4 \"\n\t data-id=\"4423\" data-type=\"album\">\n\t<div class=\"tm_pg_gallery-item-wrapper\">\n\t\t<a href=\"https:\/\/www.tarasub.it\/fr\/gallery\/gallery-1\/tm_pg_album\/scuola-subacquea\/\" class=\"tm_pg_gallery-item_link\" data-effect=\"fadeIn\">\n\t\t\t<img decoding=\"async\" src=\"https:\/\/www.tarasub.it\/wp-content\/uploads\/2019\/02\/GOPR2452-900x675.jpg\">\n\t\t\t\t\t\t\t<div class=\"tm_pg_gallery-item_label\">Album<\/div>\n\t\t\t\t\t\t<div class=\"tm_pg_gallery-item_meta\">\n\t\t\t\t\t\t\t\t\t\t\t\t\t<i class=\"tm_pg_gallery-item_icon tm_pg_album-icon\"><\/i>\n\t\t\t\t\t\t\t\t\t\t\t\t\t\t\t\t\t\t<h3 class=\"tm_pg_gallery-item_title\">Scuola Subacquea<\/h3>\n\t\t\t\t\t\t\t\t\t\t\t\t\t\t\t\t\t\t<p class=\"tm_pg_gallery-item_description\"><\/p>\n\t\t\t\t\t\t\t\t\t\t\t\t\t\t\t\t\t\t<p class=\"tm_pg_gallery-item_counter\">5 images<\/p>\n\t\t\t\t\t\t\t\t\t\t\t\t\t\t\t\t<\/div>\n\t\t<\/a>\n\t<\/div>\n<\/div>\n\n<div class=\"tm_pg_gallery-item col-xs-6 col-lg-4 \"\n\t data-id=\"4432\" data-type=\"album\">\n\t<div class=\"tm_pg_gallery-item-wrapper\">\n\t\t<a href=\"https:\/\/www.tarasub.it\/fr\/gallery\/gallery-1\/tm_pg_album\/viaggi\/\" class=\"tm_pg_gallery-item_link\" data-effect=\"fadeIn\">\n\t\t\t<img decoding=\"async\" src=\"https:\/\/www.tarasub.it\/wp-content\/uploads\/2019\/02\/24-3-900x675.jpg\">\n\t\t\t\t\t\t\t<div class=\"tm_pg_gallery-item_label\">Album<\/div>\n\t\t\t\t\t\t<div class=\"tm_pg_gallery-item_meta\">\n\t\t\t\t\t\t\t\t\t\t\t\t\t<i class=\"tm_pg_gallery-item_icon tm_pg_album-icon\"><\/i>\n\t\t\t\t\t\t\t\t\t\t\t\t\t\t\t\t\t\t<h3 class=\"tm_pg_gallery-item_title\">Viaggi<\/h3>\n\t\t\t\t\t\t\t\t\t\t\t\t\t\t\t\t\t\t<p class=\"tm_pg_gallery-item_description\"><\/p>\n\t\t\t\t\t\t\t\t\t\t\t\t\t\t\t\t\t\t<p class=\"tm_pg_gallery-item_counter\">48 images<\/p>\n\t\t\t\t\t\t\t\t\t\t\t\t\t\t\t\t<\/div>\n\t\t<\/a>\n\t<\/div>\n<\/div>\n\t<\/div>\n<\/div>\n\t\t\t<\/div>\n<\/div>\n\n\n<p>[\/tm_pb_text][\/tm_pb_column][\/tm_pb_row][\/tm_pb_section]<\/p>\n","protected":false},"excerpt":{"rendered":"<p>[tm_pb_section admin_label=&#8221;section&#8221;][tm_pb_row admin_label=&#8221;row&#8221;][tm_pb_column type=&#8221;1_3&#8243;][tm_pb_image admin_label=&#8221;Image&#8221; src=&#8221;http:\/\/www.tarasub.it\/wp-content\/uploads\/2019\/05\/Diego-Ivan-Monteleone-2.jpg&#8221; alt=&#8221;Diego Ivan Monteleone Freediving apn\u00e9e&#8221; show_in_lightbox=&#8221;off&#8221; url_new_window=&#8221;off&#8221; use_overlay=&#8221;off&#8221; animation=&#8221;left&#8221; sticky=&#8221;off&#8221; align=&#8221;left&#8221; force_fullwidth=&#8221;off&#8221; always_center_on_mobile=&#8221;on&#8221; use_border_color=&#8221;off&#8221; border_color=&#8221;#ffffff&#8221; border_style=&#8221;solid&#8221;] [\/tm_pb_image][tm_pb_text admin_label=&#8221;Text&#8221; text_orientation=&#8221;left&#8221; use_border_color=&#8221;off&#8221; border_color=&#8221;#ffffff&#8221; border_style=&#8221;solid&#8221;] Biographie Je &hellip;<\/p>\n","protected":false},"author":1,"featured_media":0,"parent":8879,"menu_order":0,"comment_status":"closed","ping_status":"closed","template":"","meta":{"footnotes":""},"class_list":["post-8531","page","type-page","status-publish","hentry","no-thumb"],"yoast_head":"<!-- This site is optimized with the Yoast SEO plugin v26.6 - https:\/\/yoast.com\/wordpress\/plugins\/seo\/ -->\n<title>Diego Ivan Monteleone - Taras Sub Diving Center<\/title>\n<meta name=\"description\" content=\"Apn\u00e9iste en 2006, mais ma passion pour la mer a commenc\u00e9 avant cela avec une bouteille sur le dos. La chasse sous-marine et les premi\u00e8res plong\u00e9es en apn\u00e9e\" \/>\n<meta name=\"robots\" content=\"index, follow, max-snippet:-1, max-image-preview:large, max-video-preview:-1\" \/>\n<link rel=\"canonical\" href=\"https:\/\/www.tarasub.it\/fr\/personnel\/diego-ivan-monteleone\/\" \/>\n<meta property=\"og:locale\" content=\"fr_FR\" \/>\n<meta property=\"og:type\" content=\"article\" \/>\n<meta property=\"og:title\" content=\"Diego Ivan Monteleone - Taras Sub Diving Center\" \/>\n<meta property=\"og:description\" content=\"Apn\u00e9iste en 2006, mais ma passion pour la mer a commenc\u00e9 avant cela avec une bouteille sur le dos. La chasse sous-marine et les premi\u00e8res plong\u00e9es en apn\u00e9e\" \/>\n<meta property=\"og:url\" content=\"https:\/\/www.tarasub.it\/fr\/personnel\/diego-ivan-monteleone\/\" \/>\n<meta property=\"og:site_name\" content=\"Taras Sub Diving Center\" \/>\n<meta property=\"article:modified_time\" content=\"2025-05-22T14:15:18+00:00\" \/>\n<meta name=\"twitter:card\" content=\"summary_large_image\" \/>\n<meta name=\"twitter:label1\" content=\"Dur\u00e9e de lecture estim\u00e9e\" \/>\n\t<meta name=\"twitter:data1\" content=\"2 minutes\" \/>\n<script type=\"application\/ld+json\" class=\"yoast-schema-graph\">{\"@context\":\"https:\/\/schema.org\",\"@graph\":[{\"@type\":\"WebPage\",\"@id\":\"https:\/\/www.tarasub.it\/fr\/personnel\/diego-ivan-monteleone\/\",\"url\":\"https:\/\/www.tarasub.it\/fr\/personnel\/diego-ivan-monteleone\/\",\"name\":\"Diego Ivan Monteleone - Taras Sub Diving Center\",\"isPartOf\":{\"@id\":\"https:\/\/www.tarasub.it\/fr\/#website\"},\"datePublished\":\"2024-10-26T23:00:05+00:00\",\"dateModified\":\"2025-05-22T14:15:18+00:00\",\"description\":\"Apn\u00e9iste en 2006, mais ma passion pour la mer a commenc\u00e9 avant cela avec une bouteille sur le dos. La chasse sous-marine et les premi\u00e8res plong\u00e9es en apn\u00e9e\",\"breadcrumb\":{\"@id\":\"https:\/\/www.tarasub.it\/fr\/personnel\/diego-ivan-monteleone\/#breadcrumb\"},\"inLanguage\":\"fr-FR\",\"potentialAction\":[{\"@type\":\"ReadAction\",\"target\":[\"https:\/\/www.tarasub.it\/fr\/personnel\/diego-ivan-monteleone\/\"]}]},{\"@type\":\"BreadcrumbList\",\"@id\":\"https:\/\/www.tarasub.it\/fr\/personnel\/diego-ivan-monteleone\/#breadcrumb\",\"itemListElement\":[{\"@type\":\"ListItem\",\"position\":1,\"name\":\"Home\",\"item\":\"https:\/\/www.tarasub.it\/fr\/\"},{\"@type\":\"ListItem\",\"position\":2,\"name\":\"Personnel\",\"item\":\"https:\/\/www.tarasub.it\/fr\/personnel\/\"},{\"@type\":\"ListItem\",\"position\":3,\"name\":\"Diego Ivan Monteleone\"}]},{\"@type\":\"WebSite\",\"@id\":\"https:\/\/www.tarasub.it\/fr\/#website\",\"url\":\"https:\/\/www.tarasub.it\/fr\/\",\"name\":\"Taras Sub Diving Center\",\"description\":\"Immersioni, escursioni e tanto divertimento a Taranto, la citt\u00e0 dei due mari\",\"potentialAction\":[{\"@type\":\"SearchAction\",\"target\":{\"@type\":\"EntryPoint\",\"urlTemplate\":\"https:\/\/www.tarasub.it\/fr\/?s={search_term_string}\"},\"query-input\":{\"@type\":\"PropertyValueSpecification\",\"valueRequired\":true,\"valueName\":\"search_term_string\"}}],\"inLanguage\":\"fr-FR\"}]}<\/script>\n<!-- \/ Yoast SEO plugin. -->","yoast_head_json":{"title":"Diego Ivan Monteleone - Taras Sub Diving Center","description":"Apn\u00e9iste en 2006, mais ma passion pour la mer a commenc\u00e9 avant cela avec une bouteille sur le dos. La chasse sous-marine et les premi\u00e8res plong\u00e9es en apn\u00e9e","robots":{"index":"index","follow":"follow","max-snippet":"max-snippet:-1","max-image-preview":"max-image-preview:large","max-video-preview":"max-video-preview:-1"},"canonical":"https:\/\/www.tarasub.it\/fr\/personnel\/diego-ivan-monteleone\/","og_locale":"fr_FR","og_type":"article","og_title":"Diego Ivan Monteleone - Taras Sub Diving Center","og_description":"Apn\u00e9iste en 2006, mais ma passion pour la mer a commenc\u00e9 avant cela avec une bouteille sur le dos. La chasse sous-marine et les premi\u00e8res plong\u00e9es en apn\u00e9e","og_url":"https:\/\/www.tarasub.it\/fr\/personnel\/diego-ivan-monteleone\/","og_site_name":"Taras Sub Diving Center","article_modified_time":"2025-05-22T14:15:18+00:00","twitter_card":"summary_large_image","twitter_misc":{"Dur\u00e9e de lecture estim\u00e9e":"2 minutes"},"schema":{"@context":"https:\/\/schema.org","@graph":[{"@type":"WebPage","@id":"https:\/\/www.tarasub.it\/fr\/personnel\/diego-ivan-monteleone\/","url":"https:\/\/www.tarasub.it\/fr\/personnel\/diego-ivan-monteleone\/","name":"Diego Ivan Monteleone - Taras Sub Diving Center","isPartOf":{"@id":"https:\/\/www.tarasub.it\/fr\/#website"},"datePublished":"2024-10-26T23:00:05+00:00","dateModified":"2025-05-22T14:15:18+00:00","description":"Apn\u00e9iste en 2006, mais ma passion pour la mer a commenc\u00e9 avant cela avec une bouteille sur le dos. La chasse sous-marine et les premi\u00e8res plong\u00e9es en apn\u00e9e","breadcrumb":{"@id":"https:\/\/www.tarasub.it\/fr\/personnel\/diego-ivan-monteleone\/#breadcrumb"},"inLanguage":"fr-FR","potentialAction":[{"@type":"ReadAction","target":["https:\/\/www.tarasub.it\/fr\/personnel\/diego-ivan-monteleone\/"]}]},{"@type":"BreadcrumbList","@id":"https:\/\/www.tarasub.it\/fr\/personnel\/diego-ivan-monteleone\/#breadcrumb","itemListElement":[{"@type":"ListItem","position":1,"name":"Home","item":"https:\/\/www.tarasub.it\/fr\/"},{"@type":"ListItem","position":2,"name":"Personnel","item":"https:\/\/www.tarasub.it\/fr\/personnel\/"},{"@type":"ListItem","position":3,"name":"Diego Ivan Monteleone"}]},{"@type":"WebSite","@id":"https:\/\/www.tarasub.it\/fr\/#website","url":"https:\/\/www.tarasub.it\/fr\/","name":"Taras Sub Diving Center","description":"Immersioni, escursioni e tanto divertimento a Taranto, la citt\u00e0 dei due mari","potentialAction":[{"@type":"SearchAction","target":{"@type":"EntryPoint","urlTemplate":"https:\/\/www.tarasub.it\/fr\/?s={search_term_string}"},"query-input":{"@type":"PropertyValueSpecification","valueRequired":true,"valueName":"search_term_string"}}],"inLanguage":"fr-FR"}]}},"_links":{"self":[{"href":"https:\/\/www.tarasub.it\/fr\/wp-json\/wp\/v2\/pages\/8531","targetHints":{"allow":["GET"]}}],"collection":[{"href":"https:\/\/www.tarasub.it\/fr\/wp-json\/wp\/v2\/pages"}],"about":[{"href":"https:\/\/www.tarasub.it\/fr\/wp-json\/wp\/v2\/types\/page"}],"author":[{"embeddable":true,"href":"https:\/\/www.tarasub.it\/fr\/wp-json\/wp\/v2\/users\/1"}],"replies":[{"embeddable":true,"href":"https:\/\/www.tarasub.it\/fr\/wp-json\/wp\/v2\/comments?post=8531"}],"version-history":[{"count":1,"href":"https:\/\/www.tarasub.it\/fr\/wp-json\/wp\/v2\/pages\/8531\/revisions"}],"predecessor-version":[{"id":8884,"href":"https:\/\/www.tarasub.it\/fr\/wp-json\/wp\/v2\/pages\/8531\/revisions\/8884"}],"up":[{"embeddable":true,"href":"https:\/\/www.tarasub.it\/fr\/wp-json\/wp\/v2\/pages\/8879"}],"wp:attachment":[{"href":"https:\/\/www.tarasub.it\/fr\/wp-json\/wp\/v2\/media?parent=8531"}],"curies":[{"name":"wp","href":"https:\/\/api.w.org\/{rel}","templated":true}]}}