{"id":8532,"date":"2024-10-27T22:51:45","date_gmt":"2024-10-27T21:51:45","guid":{"rendered":"https:\/\/www.tarasub.it\/mia-guastadisegni\/"},"modified":"2025-05-22T16:15:18","modified_gmt":"2025-05-22T14:15:18","slug":"mia-guastadisegni","status":"publish","type":"page","link":"https:\/\/www.tarasub.it\/fr\/personnel\/mia-guastadisegni\/","title":{"rendered":"Mia Guastadisegni"},"content":{"rendered":"<p>Biographie Sirena Mia Guastadisegni : Avec la passion de la mer dans le sang, elle a commenc\u00e9 la plong\u00e9e bouteille \u00e0 l&#8217;\u00e2ge de 6 ans, a poursuivi sa formation en plong\u00e9e et en apn\u00e9e avec la FIPSAS, est devenue instructrice de plong\u00e9e et d&#8217;apn\u00e9e PADI et a comp <a href=\"https:\/\/www.tarasub.it\/fr\/personnel\/mia-guastadisegni\/\" title=\"Read more on Mia Guastadisegni\" class=\"more-link\">read more<\/a><\/p>\n","protected":false},"excerpt":{"rendered":"<p>Biographie Sirena Mia Guastadisegni : Avec la passion de la mer dans le sang, elle a commenc\u00e9 la plong\u00e9e bouteille \u00e0 l&#8217;\u00e2ge de 6 ans, a poursuivi sa formation en &hellip;<\/p>\n","protected":false},"author":1,"featured_media":0,"parent":8879,"menu_order":0,"comment_status":"closed","ping_status":"closed","template":"","meta":{"footnotes":""},"class_list":["post-8532","page","type-page","status-publish","hentry","no-thumb"],"yoast_head":"<!-- This site is optimized with the Yoast SEO plugin v26.6 - https:\/\/yoast.com\/wordpress\/plugins\/seo\/ -->\n<title>Mia Guastadisegni - Taras Sub Diving Center<\/title>\n<meta name=\"robots\" content=\"index, follow, max-snippet:-1, max-image-preview:large, max-video-preview:-1\" \/>\n<link rel=\"canonical\" href=\"https:\/\/www.tarasub.it\/fr\/personnel\/mia-guastadisegni\/\" \/>\n<meta property=\"og:locale\" content=\"fr_FR\" \/>\n<meta property=\"og:type\" content=\"article\" \/>\n<meta property=\"og:title\" content=\"Mia Guastadisegni - Taras Sub Diving Center\" \/>\n<meta property=\"og:description\" content=\"Biographie Sirena Mia Guastadisegni : Avec la passion de la mer dans le sang, elle a commenc\u00e9 la plong\u00e9e bouteille \u00e0 l&#8217;\u00e2ge de 6 ans, a poursuivi sa formation en &hellip;\" \/>\n<meta property=\"og:url\" content=\"https:\/\/www.tarasub.it\/fr\/personnel\/mia-guastadisegni\/\" \/>\n<meta property=\"og:site_name\" content=\"Taras Sub Diving Center\" \/>\n<meta property=\"article:modified_time\" content=\"2025-05-22T14:15:18+00:00\" \/>\n<meta name=\"twitter:card\" content=\"summary_large_image\" \/>\n<meta name=\"twitter:label1\" content=\"Dur\u00e9e de lecture estim\u00e9e\" \/>\n\t<meta name=\"twitter:data1\" content=\"3 minutes\" \/>\n<script type=\"application\/ld+json\" class=\"yoast-schema-graph\">{\"@context\":\"https:\/\/schema.org\",\"@graph\":[{\"@type\":\"WebPage\",\"@id\":\"https:\/\/www.tarasub.it\/fr\/personnel\/mia-guastadisegni\/\",\"url\":\"https:\/\/www.tarasub.it\/fr\/personnel\/mia-guastadisegni\/\",\"name\":\"Mia Guastadisegni - Taras Sub Diving Center\",\"isPartOf\":{\"@id\":\"https:\/\/www.tarasub.it\/fr\/#website\"},\"datePublished\":\"2024-10-27T21:51:45+00:00\",\"dateModified\":\"2025-05-22T14:15:18+00:00\",\"breadcrumb\":{\"@id\":\"https:\/\/www.tarasub.it\/fr\/personnel\/mia-guastadisegni\/#breadcrumb\"},\"inLanguage\":\"fr-FR\",\"potentialAction\":[{\"@type\":\"ReadAction\",\"target\":[\"https:\/\/www.tarasub.it\/fr\/personnel\/mia-guastadisegni\/\"]}]},{\"@type\":\"BreadcrumbList\",\"@id\":\"https:\/\/www.tarasub.it\/fr\/personnel\/mia-guastadisegni\/#breadcrumb\",\"itemListElement\":[{\"@type\":\"ListItem\",\"position\":1,\"name\":\"Home\",\"item\":\"https:\/\/www.tarasub.it\/fr\/\"},{\"@type\":\"ListItem\",\"position\":2,\"name\":\"Personnel\",\"item\":\"https:\/\/www.tarasub.it\/fr\/personnel\/\"},{\"@type\":\"ListItem\",\"position\":3,\"name\":\"Mia Guastadisegni\"}]},{\"@type\":\"WebSite\",\"@id\":\"https:\/\/www.tarasub.it\/fr\/#website\",\"url\":\"https:\/\/www.tarasub.it\/fr\/\",\"name\":\"Taras Sub Diving Center\",\"description\":\"Immersioni, escursioni e tanto divertimento a Taranto, la citt\u00e0 dei due mari\",\"potentialAction\":[{\"@type\":\"SearchAction\",\"target\":{\"@type\":\"EntryPoint\",\"urlTemplate\":\"https:\/\/www.tarasub.it\/fr\/?s={search_term_string}\"},\"query-input\":{\"@type\":\"PropertyValueSpecification\",\"valueRequired\":true,\"valueName\":\"search_term_string\"}}],\"inLanguage\":\"fr-FR\"}]}<\/script>\n<!-- \/ Yoast SEO plugin. -->","yoast_head_json":{"title":"Mia Guastadisegni - Taras Sub Diving Center","robots":{"index":"index","follow":"follow","max-snippet":"max-snippet:-1","max-image-preview":"max-image-preview:large","max-video-preview":"max-video-preview:-1"},"canonical":"https:\/\/www.tarasub.it\/fr\/personnel\/mia-guastadisegni\/","og_locale":"fr_FR","og_type":"article","og_title":"Mia Guastadisegni - Taras Sub Diving Center","og_description":"Biographie Sirena Mia Guastadisegni : Avec la passion de la mer dans le sang, elle a commenc\u00e9 la plong\u00e9e bouteille \u00e0 l&#8217;\u00e2ge de 6 ans, a poursuivi sa formation en &hellip;","og_url":"https:\/\/www.tarasub.it\/fr\/personnel\/mia-guastadisegni\/","og_site_name":"Taras Sub Diving Center","article_modified_time":"2025-05-22T14:15:18+00:00","twitter_card":"summary_large_image","twitter_misc":{"Dur\u00e9e de lecture estim\u00e9e":"3 minutes"},"schema":{"@context":"https:\/\/schema.org","@graph":[{"@type":"WebPage","@id":"https:\/\/www.tarasub.it\/fr\/personnel\/mia-guastadisegni\/","url":"https:\/\/www.tarasub.it\/fr\/personnel\/mia-guastadisegni\/","name":"Mia Guastadisegni - Taras Sub Diving Center","isPartOf":{"@id":"https:\/\/www.tarasub.it\/fr\/#website"},"datePublished":"2024-10-27T21:51:45+00:00","dateModified":"2025-05-22T14:15:18+00:00","breadcrumb":{"@id":"https:\/\/www.tarasub.it\/fr\/personnel\/mia-guastadisegni\/#breadcrumb"},"inLanguage":"fr-FR","potentialAction":[{"@type":"ReadAction","target":["https:\/\/www.tarasub.it\/fr\/personnel\/mia-guastadisegni\/"]}]},{"@type":"BreadcrumbList","@id":"https:\/\/www.tarasub.it\/fr\/personnel\/mia-guastadisegni\/#breadcrumb","itemListElement":[{"@type":"ListItem","position":1,"name":"Home","item":"https:\/\/www.tarasub.it\/fr\/"},{"@type":"ListItem","position":2,"name":"Personnel","item":"https:\/\/www.tarasub.it\/fr\/personnel\/"},{"@type":"ListItem","position":3,"name":"Mia Guastadisegni"}]},{"@type":"WebSite","@id":"https:\/\/www.tarasub.it\/fr\/#website","url":"https:\/\/www.tarasub.it\/fr\/","name":"Taras Sub Diving Center","description":"Immersioni, escursioni e tanto divertimento a Taranto, la citt\u00e0 dei due mari","potentialAction":[{"@type":"SearchAction","target":{"@type":"EntryPoint","urlTemplate":"https:\/\/www.tarasub.it\/fr\/?s={search_term_string}"},"query-input":{"@type":"PropertyValueSpecification","valueRequired":true,"valueName":"search_term_string"}}],"inLanguage":"fr-FR"}]}},"_links":{"self":[{"href":"https:\/\/www.tarasub.it\/fr\/wp-json\/wp\/v2\/pages\/8532","targetHints":{"allow":["GET"]}}],"collection":[{"href":"https:\/\/www.tarasub.it\/fr\/wp-json\/wp\/v2\/pages"}],"about":[{"href":"https:\/\/www.tarasub.it\/fr\/wp-json\/wp\/v2\/types\/page"}],"author":[{"embeddable":true,"href":"https:\/\/www.tarasub.it\/fr\/wp-json\/wp\/v2\/users\/1"}],"replies":[{"embeddable":true,"href":"https:\/\/www.tarasub.it\/fr\/wp-json\/wp\/v2\/comments?post=8532"}],"version-history":[{"count":1,"href":"https:\/\/www.tarasub.it\/fr\/wp-json\/wp\/v2\/pages\/8532\/revisions"}],"predecessor-version":[{"id":8883,"href":"https:\/\/www.tarasub.it\/fr\/wp-json\/wp\/v2\/pages\/8532\/revisions\/8883"}],"up":[{"embeddable":true,"href":"https:\/\/www.tarasub.it\/fr\/wp-json\/wp\/v2\/pages\/8879"}],"wp:attachment":[{"href":"https:\/\/www.tarasub.it\/fr\/wp-json\/wp\/v2\/media?parent=8532"}],"curies":[{"name":"wp","href":"https:\/\/api.w.org\/{rel}","templated":true}]}}